{"id":4908,"date":"2018-03-09T02:07:10","date_gmt":"2018-03-09T02:07:10","guid":{"rendered":"http:\/\/www.beer-syndicate.com\/blog\/?page_id=4908"},"modified":"2018-03-20T16:46:38","modified_gmt":"2018-03-20T16:46:38","slug":"ratebeer-top-50-beers","status":"publish","type":"page","link":"http:\/\/beersyndicate.com\/blog\/ratebeer-top-50-beers\/","title":{"rendered":"RateBeer Top 50 Beers"},"content":{"rendered":"<p><span style=\"font-size: 10pt;\">The following data was collected from RateBeer.com on 3\/8\/2018, and\u00a0<\/span><span style=\"font-size: 10pt;\">was used as the basis for the article <strong><em><span style=\"color: #0000ff;\"><a style=\"color: #0000ff;\" href=\"http:\/\/www.beersyndicate.com\/blog\/data-chug-analysis-ratebeers-top-50-beers\/\" target=\"_blank\" rel=\"noopener\">Data Chug: An Analysis of RateBeer&#8217;s Top 50 Beers.<\/a><\/span><\/em><\/strong><\/span><\/p>\n<h2 class=\"tablepress-table-name tablepress-table-name-id-5\">RateBeer Top 50 Beers<\/h2>\n\n<table id=\"tablepress-5\" class=\"tablepress tablepress-id-5\">\n<thead>\n<tr class=\"row-1 odd\">\n\t<th class=\"column-1\">RANK<\/th><th class=\"column-2\">NAME<\/th><th class=\"column-3\">STYLE<\/th><th class=\"column-4\">ABV<\/th><th class=\"column-5\">BREWERY<\/th><th class=\"column-6\">STATE\/<br \/>\nCOUNTRY<\/th><th class=\"column-7\">SCORE<\/th>\n<\/tr>\n<\/thead>\n<tbody class=\"row-hover\">\n<tr class=\"row-2 even\">\n\t<td class=\"column-1\">1<\/td><td class=\"column-2\">Kentucky Brunch Brand Stout<\/td><td class=\"column-3\">Imperial Stout<\/td><td class=\"column-4\">12%<\/td><td class=\"column-5\">Toppling Goliath Brewing Company<\/td><td class=\"column-6\">IA<\/td><td class=\"column-7\">4.53<\/td>\n<\/tr>\n<tr class=\"row-3 odd\">\n\t<td class=\"column-1\">2<\/td><td class=\"column-2\">Trappist Westvleteren 12 (XII)<\/td><td class=\"column-3\">Quadrupel<\/td><td class=\"column-4\">10.2%<\/td><td class=\"column-5\">Brouwerij Westvleteren<\/td><td class=\"column-6\">Belgium<\/td><td class=\"column-7\">4.42<\/td>\n<\/tr>\n<tr class=\"row-4 even\">\n\t<td class=\"column-1\">3<\/td><td class=\"column-2\">Mornin' Delight<\/td><td class=\"column-3\">Imperial Stout<\/td><td class=\"column-4\">12%<\/td><td class=\"column-5\">Toppling Goliath Brewing Company<\/td><td class=\"column-6\">IA<\/td><td class=\"column-7\">4.4<\/td>\n<\/tr>\n<tr class=\"row-5 odd\">\n\t<td class=\"column-1\">4<\/td><td class=\"column-2\">Hunahpu's Imperial Stout - Double Barrel Aged<\/td><td class=\"column-3\">Imperial Stout<\/td><td class=\"column-4\">11%<\/td><td class=\"column-5\">Cigar City Brewing<\/td><td class=\"column-6\">FL<\/td><td class=\"column-7\">4.39<\/td>\n<\/tr>\n<tr class=\"row-6 even\">\n\t<td class=\"column-1\">5<\/td><td class=\"column-2\">Bourbon Barrel Aged Dark Lord Imperial Stout<\/td><td class=\"column-3\">Russian Imperial Stout<\/td><td class=\"column-4\">15%<\/td><td class=\"column-5\">3 Floyds Brewing Co.<\/td><td class=\"column-6\">IN<\/td><td class=\"column-7\">4.35<\/td>\n<\/tr>\n<tr class=\"row-7 odd\">\n\t<td class=\"column-1\">6<\/td><td class=\"column-2\">Pliny the Younger<\/td><td class=\"column-3\">Double IPA<\/td><td class=\"column-4\">10.3%<\/td><td class=\"column-5\">Russian River Brewing Company<\/td><td class=\"column-6\">CA<\/td><td class=\"column-7\">4.35<\/td>\n<\/tr>\n<tr class=\"row-8 even\">\n\t<td class=\"column-1\">7<\/td><td class=\"column-2\">Dark Lord Russian Imperial Stout - Bourbon Vanilla Bean<\/td><td class=\"column-3\">Russian Imperial Stout<\/td><td class=\"column-4\">14%<\/td><td class=\"column-5\">3 Floyds Brewing Co.<\/td><td class=\"column-6\">IN<\/td><td class=\"column-7\">4.33<\/td>\n<\/tr>\n<tr class=\"row-9 odd\">\n\t<td class=\"column-1\">8<\/td><td class=\"column-2\">Speedway Stout - Bourbon Barrel-Aged<\/td><td class=\"column-3\">Imperial Stout<\/td><td class=\"column-4\">12%<\/td><td class=\"column-5\">AleSmith Brewing Company<\/td><td class=\"column-6\">CA<\/td><td class=\"column-7\">4.33<\/td>\n<\/tr>\n<tr class=\"row-10 even\">\n\t<td class=\"column-1\">9<\/td><td class=\"column-2\">Bell's Black Note Stout<\/td><td class=\"column-3\">Imperial Stout<\/td><td class=\"column-4\">11.2%<\/td><td class=\"column-5\">Bell's Brewery, Inc.<\/td><td class=\"column-6\">MI<\/td><td class=\"column-7\">4.31<\/td>\n<\/tr>\n<tr class=\"row-11 odd\">\n\t<td class=\"column-1\">10<\/td><td class=\"column-2\">CBS (Canadian Breakfast Stout)<\/td><td class=\"column-3\">Imperial Stout<\/td><td class=\"column-4\">11.7%<\/td><td class=\"column-5\">Founders Brewing Company<\/td><td class=\"column-6\">MI<\/td><td class=\"column-7\">4.3<\/td>\n<\/tr>\n<tr class=\"row-12 even\">\n\t<td class=\"column-1\">11<\/td><td class=\"column-2\">Speedway Stout - Vietnamese Coffee (Bourbon-Barrel Aged)<\/td><td class=\"column-3\">Imperial Stout<\/td><td class=\"column-4\">12%<\/td><td class=\"column-5\">AleSmith Brewing Company<\/td><td class=\"column-6\">CA<\/td><td class=\"column-7\">4.3<\/td>\n<\/tr>\n<tr class=\"row-13 odd\">\n\t<td class=\"column-1\">12<\/td><td class=\"column-2\">Trappistes Rochefort 10<\/td><td class=\"column-3\">Quadrupel<\/td><td class=\"column-4\">11.3%<\/td><td class=\"column-5\">Brasserie de Rochefort<\/td><td class=\"column-6\">Belgium<\/td><td class=\"column-7\">4.3<\/td>\n<\/tr>\n<tr class=\"row-14 even\">\n\t<td class=\"column-1\">13<\/td><td class=\"column-2\">Speedway Stout<\/td><td class=\"column-3\">Imperial Stout<\/td><td class=\"column-4\">12%<\/td><td class=\"column-5\">AleSmith Brewing Company<\/td><td class=\"column-6\">CA<\/td><td class=\"column-7\">4.29<\/td>\n<\/tr>\n<tr class=\"row-15 odd\">\n\t<td class=\"column-1\">14<\/td><td class=\"column-2\">Ann<\/td><td class=\"column-3\">Saison<\/td><td class=\"column-4\">6.5%<\/td><td class=\"column-5\">Hill Farmstead Brewery<\/td><td class=\"column-6\">VT<\/td><td class=\"column-7\">4.29<\/td>\n<\/tr>\n<tr class=\"row-16 even\">\n\t<td class=\"column-1\">15<\/td><td class=\"column-2\">Hunahpu's Imperial Stout<\/td><td class=\"column-3\">Imperial Stout<\/td><td class=\"column-4\">11%<\/td><td class=\"column-5\">Cigar City Brewing<\/td><td class=\"column-6\">FL<\/td><td class=\"column-7\">4.29<\/td>\n<\/tr>\n<tr class=\"row-17 odd\">\n\t<td class=\"column-1\">16<\/td><td class=\"column-2\">Founders KBS (Kentucky Breakfast Stout)<\/td><td class=\"column-3\">Imperial Stout<\/td><td class=\"column-4\">11.8%<\/td><td class=\"column-5\">Founders Brewing Company<\/td><td class=\"column-6\">MI<\/td><td class=\"column-7\">4.28<\/td>\n<\/tr>\n<tr class=\"row-18 even\">\n\t<td class=\"column-1\">17<\/td><td class=\"column-2\">Dark Lord Imperial Stout<\/td><td class=\"column-3\">Russian Imperial Stout<\/td><td class=\"column-4\">15%<\/td><td class=\"column-5\">3 Floyds Brewing Co.<\/td><td class=\"column-6\">IN<\/td><td class=\"column-7\">4.28<\/td>\n<\/tr>\n<tr class=\"row-19 odd\">\n\t<td class=\"column-1\">18<\/td><td class=\"column-2\">Expedition Stout<\/td><td class=\"column-3\">Imperial Stout<\/td><td class=\"column-4\">10.5%<\/td><td class=\"column-5\">Bell's Brewery, Inc.<\/td><td class=\"column-6\">MI<\/td><td class=\"column-7\">4.27<\/td>\n<\/tr>\n<tr class=\"row-20 even\">\n\t<td class=\"column-1\">19<\/td><td class=\"column-2\">Pliny the Elder<\/td><td class=\"column-3\">Double IPA<\/td><td class=\"column-4\">8%<\/td><td class=\"column-5\">Russian River Brewing Company<\/td><td class=\"column-6\">CA<\/td><td class=\"column-7\">4.27<\/td>\n<\/tr>\n<tr class=\"row-21 odd\">\n\t<td class=\"column-1\">20<\/td><td class=\"column-2\">Barrel-Aged Abraxas<\/td><td class=\"column-3\">Imperial Stout<\/td><td class=\"column-4\">11%<\/td><td class=\"column-5\">Perennial Artisan Ales<\/td><td class=\"column-6\">MO<\/td><td class=\"column-7\">4.27<\/td>\n<\/tr>\n<tr class=\"row-22 even\">\n\t<td class=\"column-1\">21<\/td><td class=\"column-2\">Bourbon County Stout<\/td><td class=\"column-3\">Imperial Stout<\/td><td class=\"column-4\">13.8%<\/td><td class=\"column-5\">Goose Island Beer Co.<\/td><td class=\"column-6\">IL<\/td><td class=\"column-7\">4.26<\/td>\n<\/tr>\n<tr class=\"row-23 odd\">\n\t<td class=\"column-1\">22<\/td><td class=\"column-2\">Morning Wood<\/td><td class=\"column-3\">Imperial Porter<\/td><td class=\"column-4\">12%<\/td><td class=\"column-5\">Funky Buddha Brewery<\/td><td class=\"column-6\">FL<\/td><td class=\"column-7\">4.26<\/td>\n<\/tr>\n<tr class=\"row-24 even\">\n\t<td class=\"column-1\">23<\/td><td class=\"column-2\">Hunahpu's Imperial Stout - Bourbon Barrel Aged<\/td><td class=\"column-3\">Imperial Stout<\/td><td class=\"column-4\">14.6%<\/td><td class=\"column-5\">Cigar City Brewing<\/td><td class=\"column-6\">IL<\/td><td class=\"column-7\">4.26<\/td>\n<\/tr>\n<tr class=\"row-25 odd\">\n\t<td class=\"column-1\">24<\/td><td class=\"column-2\">Buba Extreme Jack Daniels BA<\/td><td class=\"column-3\">Quadrupel<\/td><td class=\"column-4\">16%<\/td><td class=\"column-5\">Browar Sza\u0142piw<\/td><td class=\"column-6\">Poland<\/td><td class=\"column-7\">4.25<\/td>\n<\/tr>\n<tr class=\"row-26 even\">\n\t<td class=\"column-1\">25<\/td><td class=\"column-2\">Beer Geek Vanilla Shake (Bourbon Edition)<\/td><td class=\"column-3\">Imperial Stout<\/td><td class=\"column-4\">13%<\/td><td class=\"column-5\">Mikkeller ApS<\/td><td class=\"column-6\">Denmark<\/td><td class=\"column-7\">4.24<\/td>\n<\/tr>\n<tr class=\"row-27 odd\">\n\t<td class=\"column-1\">26<\/td><td class=\"column-2\">Heady Topper<\/td><td class=\"column-3\">Double IPA<\/td><td class=\"column-4\">8%<\/td><td class=\"column-5\">The Alchemist Brewery and Visitors Center<\/td><td class=\"column-6\">VT<\/td><td class=\"column-7\">4.24<\/td>\n<\/tr>\n<tr class=\"row-28 even\">\n\t<td class=\"column-1\">27<\/td><td class=\"column-2\">Bourbon County Brand Coffee Stout<\/td><td class=\"column-3\">Imperial Stout<\/td><td class=\"column-4\">13.4%<\/td><td class=\"column-5\">Goose Island Beer Co.<\/td><td class=\"column-6\">IL<\/td><td class=\"column-7\">4.23<\/td>\n<\/tr>\n<tr class=\"row-29 odd\">\n\t<td class=\"column-1\">28<\/td><td class=\"column-2\">Assassin<\/td><td class=\"column-3\">Imperial Stout<\/td><td class=\"column-4\">12%<\/td><td class=\"column-5\">Toppling Goliath Brewing Company<\/td><td class=\"column-6\">IA<\/td><td class=\"column-7\">4.23<\/td>\n<\/tr>\n<tr class=\"row-30 even\">\n\t<td class=\"column-1\">29<\/td><td class=\"column-2\">Dreadnaught IPA<\/td><td class=\"column-3\">Double IPA<\/td><td class=\"column-4\">9.5%<\/td><td class=\"column-5\">3 Floyds Brewing Co.<\/td><td class=\"column-6\">IN<\/td><td class=\"column-7\">4.23<\/td>\n<\/tr>\n<tr class=\"row-31 odd\">\n\t<td class=\"column-1\">30<\/td><td class=\"column-2\">Aaron<\/td><td class=\"column-3\">Barley Wine<\/td><td class=\"column-4\">-<\/td><td class=\"column-5\">Hill Farmstead Brewery<\/td><td class=\"column-6\">VT<\/td><td class=\"column-7\">4.23<\/td>\n<\/tr>\n<tr class=\"row-32 even\">\n\t<td class=\"column-1\">31<\/td><td class=\"column-2\">Beer Geek Brunch Weasel<\/td><td class=\"column-3\">Imperial Stout<\/td><td class=\"column-4\">10.9%<\/td><td class=\"column-5\">Mikkeller ApS<\/td><td class=\"column-6\">Denmark<\/td><td class=\"column-7\">4.23<\/td>\n<\/tr>\n<tr class=\"row-33 odd\">\n\t<td class=\"column-1\">32<\/td><td class=\"column-2\">Barrel Aged Bible Belt<\/td><td class=\"column-3\">Imperial Stout<\/td><td class=\"column-4\">13%<\/td><td class=\"column-5\">Prairie Artisan Ales<\/td><td class=\"column-6\">OK<\/td><td class=\"column-7\">4.22<\/td>\n<\/tr>\n<tr class=\"row-34 even\">\n\t<td class=\"column-1\">33<\/td><td class=\"column-2\">Bell's Bourbon Barrel-Aged Expedition Stout<\/td><td class=\"column-3\">Imperial Stout<\/td><td class=\"column-4\">12.8%<\/td><td class=\"column-5\">Bell's Brewery, Inc.<\/td><td class=\"column-6\">MI<\/td><td class=\"column-7\">4.22<\/td>\n<\/tr>\n<tr class=\"row-35 odd\">\n\t<td class=\"column-1\">34<\/td><td class=\"column-2\">Trademark Dispute (Yellow)<\/td><td class=\"column-3\">Imperial Stout<\/td><td class=\"column-4\">10.4%<\/td><td class=\"column-5\">Cycle Brewing<\/td><td class=\"column-6\">FL<\/td><td class=\"column-7\">4.22<\/td>\n<\/tr>\n<tr class=\"row-36 even\">\n\t<td class=\"column-1\">35<\/td><td class=\"column-2\">Lorelei - Barrel Aged Extra Maple<\/td><td class=\"column-3\">Imperial Porter<\/td><td class=\"column-4\">10.5%<\/td><td class=\"column-5\">Omnipollo<\/td><td class=\"column-6\">Sweden<\/td><td class=\"column-7\">4.22<\/td>\n<\/tr>\n<tr class=\"row-37 odd\">\n\t<td class=\"column-1\">36<\/td><td class=\"column-2\">Parabola<\/td><td class=\"column-3\">Russian Imperial Stout<\/td><td class=\"column-4\">14%<\/td><td class=\"column-5\">Firestone Walker Brewing Co.<\/td><td class=\"column-6\">CA<\/td><td class=\"column-7\">4.22<\/td>\n<\/tr>\n<tr class=\"row-38 even\">\n\t<td class=\"column-1\">37<\/td><td class=\"column-2\">Last Buffalo in the Park<\/td><td class=\"column-3\">Imperial Porter<\/td><td class=\"column-4\">11.5%<\/td><td class=\"column-5\">Funky Buddha Brewery<\/td><td class=\"column-6\">FL<\/td><td class=\"column-7\">4.21<\/td>\n<\/tr>\n<tr class=\"row-39 odd\">\n\t<td class=\"column-1\">38<\/td><td class=\"column-2\">Double Barrel Jesus<\/td><td class=\"column-3\">Imperial Stout<\/td><td class=\"column-4\">12%<\/td><td class=\"column-5\">Evil Twin Brewing<\/td><td class=\"column-6\">Denmark<\/td><td class=\"column-7\">4.21<\/td>\n<\/tr>\n<tr class=\"row-40 even\">\n\t<td class=\"column-1\">39<\/td><td class=\"column-2\">Darkness<\/td><td class=\"column-3\">Russian Imperial Stout<\/td><td class=\"column-4\">10.3%<\/td><td class=\"column-5\">Surly Brewing Company<\/td><td class=\"column-6\">MN<\/td><td class=\"column-7\">4.2<\/td>\n<\/tr>\n<tr class=\"row-41 odd\">\n\t<td class=\"column-1\">40<\/td><td class=\"column-2\">Speedway Stout - Vietnamese Coffee<\/td><td class=\"column-3\">Imperial Stout<\/td><td class=\"column-4\">12%<\/td><td class=\"column-5\">AleSmith Brewing Company<\/td><td class=\"column-6\">CA<\/td><td class=\"column-7\">4.2<\/td>\n<\/tr>\n<tr class=\"row-42 even\">\n\t<td class=\"column-1\">41<\/td><td class=\"column-2\">Fyodor's Classic: Imperial Russian Stout - Bourbon Barrel-Aged<\/td><td class=\"column-3\">Imperial Stout<\/td><td class=\"column-4\">13%<\/td><td class=\"column-5\">Stone Brewing<\/td><td class=\"column-6\">CA<\/td><td class=\"column-7\">4.2<\/td>\n<\/tr>\n<tr class=\"row-43 odd\">\n\t<td class=\"column-1\">42<\/td><td class=\"column-2\">Wide Awake It's Morning<\/td><td class=\"column-3\">Imperial Porter<\/td><td class=\"column-4\">10%<\/td><td class=\"column-5\">Funky Buddha Brewery<\/td><td class=\"column-6\">FL<\/td><td class=\"column-7\">4.2<\/td>\n<\/tr>\n<tr class=\"row-44 even\">\n\t<td class=\"column-1\">43<\/td><td class=\"column-2\">Trademark Dispute (Green)<\/td><td class=\"column-3\">Imperial Stout<\/td><td class=\"column-4\">-<\/td><td class=\"column-5\">Cycle Brewing<\/td><td class=\"column-6\">FL<\/td><td class=\"column-7\">4.2<\/td>\n<\/tr>\n<tr class=\"row-45 odd\">\n\t<td class=\"column-1\">44<\/td><td class=\"column-2\">The Abyss<\/td><td class=\"column-3\">Imperial Stout<\/td><td class=\"column-4\">11%<\/td><td class=\"column-5\">Deschutes Brewery<\/td><td class=\"column-6\">OR<\/td><td class=\"column-7\">4.2<\/td>\n<\/tr>\n<tr class=\"row-46 even\">\n\t<td class=\"column-1\">45<\/td><td class=\"column-2\">Westvleteren Extra 8 (VIII)<\/td><td class=\"column-3\">Belgian Dubbel<\/td><td class=\"column-4\">8%<\/td><td class=\"column-5\">Brouwerij Westvleteren<\/td><td class=\"column-6\">Belgium<\/td><td class=\"column-7\">4.2<\/td>\n<\/tr>\n<tr class=\"row-47 odd\">\n\t<td class=\"column-1\">46<\/td><td class=\"column-2\">Abner<\/td><td class=\"column-3\">Double IPA<\/td><td class=\"column-4\">8.2%<\/td><td class=\"column-5\">Hill Farmstead Brewery<\/td><td class=\"column-6\">VT<\/td><td class=\"column-7\">4.2<\/td>\n<\/tr>\n<tr class=\"row-48 even\">\n\t<td class=\"column-1\">47<\/td><td class=\"column-2\">King Sue<\/td><td class=\"column-3\">Double IPA<\/td><td class=\"column-4\">8%<\/td><td class=\"column-5\">Toppling Goliath Brewing Company<\/td><td class=\"column-6\">IA<\/td><td class=\"column-7\">4.19<\/td>\n<\/tr>\n<tr class=\"row-49 odd\">\n\t<td class=\"column-1\">48<\/td><td class=\"column-2\">Hopslam<\/td><td class=\"column-3\">Double IPA<\/td><td class=\"column-4\">10%<\/td><td class=\"column-5\">Bell's Brewery, Inc.<\/td><td class=\"column-6\">MI<\/td><td class=\"column-7\">4.19<\/td>\n<\/tr>\n<tr class=\"row-50 even\">\n\t<td class=\"column-1\">49<\/td><td class=\"column-2\">N\u00e4rke Kaggen Stormaktsporter B\u00f6rb'n\u00e5hallon<\/td><td class=\"column-3\">Russian Imperial Stout<\/td><td class=\"column-4\">9%<\/td><td class=\"column-5\">N\u00e4rke Kulturbryggeri AB<\/td><td class=\"column-6\">Sweden<\/td><td class=\"column-7\">4.19<\/td>\n<\/tr>\n<tr class=\"row-51 odd\">\n\t<td class=\"column-1\">50<\/td><td class=\"column-2\">Matt<\/td><td class=\"column-3\">American Strong Ale<\/td><td class=\"column-4\">11.5%<\/td><td class=\"column-5\">Hair of the Dog Brewing Company<\/td><td class=\"column-6\">OR<\/td><td class=\"column-7\">4.19<\/td>\n<\/tr>\n<\/tbody>\n<\/table>\n<!-- #tablepress-5 from cache -->\n<!--CusAds0--><!--CusAds0-->\n<div style=\"font-size: 0px; height: 0px; line-height: 0px; margin: 0; padding: 0; clear: both;\"><\/div>","protected":false},"excerpt":{"rendered":"<p>The following data was collected from RateBeer.com on 3\/8\/2018, and\u00a0was used as the basis for the article Data Chug: An Analysis of RateBeer&#8217;s Top 50 Beers.<\/p>\n","protected":false},"author":2,"featured_media":0,"parent":0,"menu_order":0,"comment_status":"closed","ping_status":"closed","template":"","meta":[],"yoast_head":"<!-- This site is optimized with the Yoast SEO plugin v14.8 - https:\/\/yoast.com\/wordpress\/plugins\/seo\/ -->\r\n<title>RateBeer Top 50 Beers - Beer Syndicate Blog<\/title>\r\n<meta name=\"robots\" content=\"index, follow\" \/>\r\n<meta name=\"googlebot\" content=\"index, follow, max-snippet:-1, max-image-preview:large, max-video-preview:-1\" \/>\r\n<meta name=\"bingbot\" content=\"index, follow, max-snippet:-1, max-image-preview:large, max-video-preview:-1\" \/>\r\n<link rel=\"canonical\" href=\"http:\/\/www.beer-syndicate.com\/blog\/ratebeer-top-50-beers\/\" \/>\r\n<meta property=\"og:locale\" content=\"en_US\" \/>\r\n<meta property=\"og:type\" content=\"article\" \/>\r\n<meta property=\"og:title\" content=\"RateBeer Top 50 Beers - Beer Syndicate Blog\" \/>\r\n<meta property=\"og:description\" content=\"The following data was collected from RateBeer.com on 3\/8\/2018, and\u00a0was used as the basis for the article Data Chug: An Analysis of RateBeer&#8217;s Top 50 Beers.\" \/>\r\n<meta property=\"og:url\" content=\"http:\/\/www.beer-syndicate.com\/blog\/ratebeer-top-50-beers\/\" \/>\r\n<meta property=\"og:site_name\" content=\"Beer Syndicate Blog\" \/>\r\n<meta property=\"article:publisher\" content=\"https:\/\/www.facebook.com\/beersyndicate\" \/>\r\n<meta property=\"article:modified_time\" content=\"2018-03-20T16:46:38+00:00\" \/>\r\n<meta name=\"twitter:card\" content=\"summary_large_image\" \/>\r\n<meta name=\"twitter:creator\" content=\"@beersyndicate\" \/>\r\n<meta name=\"twitter:site\" content=\"@beersyndicate\" \/>\r\n<script type=\"application\/ld+json\" class=\"yoast-schema-graph\">{\"@context\":\"https:\/\/schema.org\",\"@graph\":[{\"@type\":\"WebSite\",\"@id\":\"http:\/\/beersyndicate.com\/blog\/#website\",\"url\":\"http:\/\/beersyndicate.com\/blog\/\",\"name\":\"Beer Syndicate Blog\",\"description\":\"Shamelessly Promoting Beer\",\"potentialAction\":[{\"@type\":\"SearchAction\",\"target\":\"http:\/\/beersyndicate.com\/blog\/?s={search_term_string}\",\"query-input\":\"required name=search_term_string\"}],\"inLanguage\":\"en-US\"},{\"@type\":\"WebPage\",\"@id\":\"http:\/\/www.beer-syndicate.com\/blog\/ratebeer-top-50-beers\/#webpage\",\"url\":\"http:\/\/www.beer-syndicate.com\/blog\/ratebeer-top-50-beers\/\",\"name\":\"RateBeer Top 50 Beers - Beer Syndicate Blog\",\"isPartOf\":{\"@id\":\"http:\/\/beersyndicate.com\/blog\/#website\"},\"datePublished\":\"2018-03-09T02:07:10+00:00\",\"dateModified\":\"2018-03-20T16:46:38+00:00\",\"inLanguage\":\"en-US\",\"potentialAction\":[{\"@type\":\"ReadAction\",\"target\":[\"http:\/\/www.beer-syndicate.com\/blog\/ratebeer-top-50-beers\/\"]}]}]}<\/script>\r\n<!-- \/ Yoast SEO plugin. -->","amp_enabled":true,"_links":{"self":[{"href":"http:\/\/beersyndicate.com\/blog\/wp-json\/wp\/v2\/pages\/4908"}],"collection":[{"href":"http:\/\/beersyndicate.com\/blog\/wp-json\/wp\/v2\/pages"}],"about":[{"href":"http:\/\/beersyndicate.com\/blog\/wp-json\/wp\/v2\/types\/page"}],"author":[{"embeddable":true,"href":"http:\/\/beersyndicate.com\/blog\/wp-json\/wp\/v2\/users\/2"}],"replies":[{"embeddable":true,"href":"http:\/\/beersyndicate.com\/blog\/wp-json\/wp\/v2\/comments?post=4908"}],"version-history":[{"count":6,"href":"http:\/\/beersyndicate.com\/blog\/wp-json\/wp\/v2\/pages\/4908\/revisions"}],"predecessor-version":[{"id":5036,"href":"http:\/\/beersyndicate.com\/blog\/wp-json\/wp\/v2\/pages\/4908\/revisions\/5036"}],"wp:attachment":[{"href":"http:\/\/beersyndicate.com\/blog\/wp-json\/wp\/v2\/media?parent=4908"}],"curies":[{"name":"wp","href":"https:\/\/api.w.org\/{rel}","templated":true}]}}